{"id":493,"date":"2022-06-28T12:06:02","date_gmt":"2022-06-28T12:06:02","guid":{"rendered":"https:\/\/biolam.grafiweb.es\/biodigestores\/?page_id=493"},"modified":"2022-06-28T12:40:23","modified_gmt":"2022-06-28T12:40:23","slug":"productoo","status":"publish","type":"page","link":"https:\/\/www.biolamcolombia.com\/biodigestores\/productoo\/","title":{"rendered":"Producto"},"content":{"rendered":"\t\t<div data-elementor-type=\"wp-page\" data-elementor-id=\"493\" class=\"elementor elementor-493\">\n\t\t\t\t\t\t<div class=\"elementor-inner\">\n\t\t\t\t<div class=\"elementor-section-wrap\">\n\t\t\t\t\t\t\t\t\t<section class=\"elementor-section elementor-top-section elementor-element elementor-element-76db7dc7 elementor-section-content-middle elementor-section-full_width elementor-section-height-min-height elementor-section-height-default elementor-section-items-middle\" data-id=\"76db7dc7\" data-element_type=\"section\" data-settings=\"{&quot;background_background&quot;:&quot;slideshow&quot;,&quot;background_slideshow_gallery&quot;:[{&quot;id&quot;:436,&quot;url&quot;:&quot;http:\\\/\\\/biolam.grafiweb.es\\\/biodigestores\\\/wp-content\\\/uploads\\\/2022\\\/06\\\/cielo-biodigestorok.jpg&quot;},{&quot;id&quot;:435,&quot;url&quot;:&quot;http:\\\/\\\/biolam.grafiweb.es\\\/biodigestores\\\/wp-content\\\/uploads\\\/2022\\\/06\\\/biodigestor-1.jpg&quot;}],&quot;background_slideshow_ken_burns&quot;:&quot;yes&quot;,&quot;shape_divider_bottom&quot;:&quot;mountains&quot;,&quot;background_slideshow_loop&quot;:&quot;yes&quot;,&quot;background_slideshow_slide_duration&quot;:5000,&quot;background_slideshow_slide_transition&quot;:&quot;fade&quot;,&quot;background_slideshow_transition_duration&quot;:500,&quot;background_slideshow_ken_burns_zoom_direction&quot;:&quot;in&quot;}\">\n\t\t\t\t\t\t\t<div class=\"elementor-background-overlay\"><\/div>\n\t\t\t\t\t\t<div class=\"elementor-shape elementor-shape-bottom\" data-negative=\"false\">\n\t\t\t<svg xmlns=\"http:\/\/www.w3.org\/2000\/svg\" viewBox=\"0 0 1000 100\" preserveAspectRatio=\"none\">\n\t<path class=\"elementor-shape-fill\" opacity=\"0.33\" d=\"M473,67.3c-203.9,88.3-263.1-34-320.3,0C66,119.1,0,59.7,0,59.7V0h1000v59.7 c0,0-62.1,26.1-94.9,29.3c-32.8,3.3-62.8-12.3-75.8-22.1C806,49.6,745.3,8.7,694.9,4.7S492.4,59,473,67.3z\"\/>\n\t<path class=\"elementor-shape-fill\" opacity=\"0.66\" d=\"M734,67.3c-45.5,0-77.2-23.2-129.1-39.1c-28.6-8.7-150.3-10.1-254,39.1 s-91.7-34.4-149.2,0C115.7,118.3,0,39.8,0,39.8V0h1000v36.5c0,0-28.2-18.5-92.1-18.5C810.2,18.1,775.7,67.3,734,67.3z\"\/>\n\t<path class=\"elementor-shape-fill\" d=\"M766.1,28.9c-200-57.5-266,65.5-395.1,19.5C242,1.8,242,5.4,184.8,20.6C128,35.8,132.3,44.9,89.9,52.5C28.6,63.7,0,0,0,0 h1000c0,0-9.9,40.9-83.6,48.1S829.6,47,766.1,28.9z\"\/>\n<\/svg>\t\t<\/div>\n\t\t\t\t\t<div class=\"elementor-container elementor-column-gap-default\">\n\t\t\t\t\t\t\t<div class=\"elementor-row\">\n\t\t\t\t\t<div class=\"elementor-column elementor-col-100 elementor-top-column elementor-element elementor-element-452f0855\" data-id=\"452f0855\" data-element_type=\"column\">\n\t\t\t<div class=\"elementor-column-wrap elementor-element-populated\">\n\t\t\t\t\t\t\t<div class=\"elementor-widget-wrap\">\n\t\t\t\t\t\t<div class=\"elementor-element elementor-element-7ff22a64 elementor-widget elementor-widget-text-editor\" data-id=\"7ff22a64\" data-element_type=\"widget\" data-widget_type=\"text-editor.default\">\n\t\t\t\t<div class=\"elementor-widget-container\">\n\t\t\t\t\t\t\t\t<div class=\"elementor-text-editor elementor-clearfix\">\n\t\t\t\t\t\t\t\t\t<\/div>\n\t\t\t\t\t\t<\/div>\n\t\t\t\t<\/div>\n\t\t\t\t\t\t<\/div>\n\t\t\t\t\t<\/div>\n\t\t<\/div>\n\t\t\t\t\t\t\t\t<\/div>\n\t\t\t\t\t<\/div>\n\t\t<\/section>\n\t\t\t\t<section class=\"elementor-section elementor-top-section elementor-element elementor-element-1a4c853 elementor-section-boxed elementor-section-height-default elementor-section-height-default\" data-id=\"1a4c853\" data-element_type=\"section\">\n\t\t\t\t\t\t<div class=\"elementor-container elementor-column-gap-default\">\n\t\t\t\t\t\t\t<div class=\"elementor-row\">\n\t\t\t\t\t<div class=\"elementor-column elementor-col-100 elementor-top-column elementor-element elementor-element-137d5d0\" data-id=\"137d5d0\" data-element_type=\"column\">\n\t\t\t<div class=\"elementor-column-wrap elementor-element-populated\">\n\t\t\t\t\t\t\t<div class=\"elementor-widget-wrap\">\n\t\t\t\t\t\t<div class=\"elementor-element elementor-element-c291619 elementor-widget elementor-widget-spacer\" data-id=\"c291619\" data-element_type=\"widget\" data-widget_type=\"spacer.default\">\n\t\t\t\t<div class=\"elementor-widget-container\">\n\t\t\t\t\t<div class=\"elementor-spacer\">\n\t\t\t<div class=\"elementor-spacer-inner\"><\/div>\n\t\t<\/div>\n\t\t\t\t<\/div>\n\t\t\t\t<\/div>\n\t\t\t\t\t\t<\/div>\n\t\t\t\t\t<\/div>\n\t\t<\/div>\n\t\t\t\t\t\t\t\t<\/div>\n\t\t\t\t\t<\/div>\n\t\t<\/section>\n\t\t\t\t<section class=\"elementor-section elementor-top-section elementor-element elementor-element-bc51544 elementor-section-boxed elementor-section-height-default elementor-section-height-default\" data-id=\"bc51544\" data-element_type=\"section\">\n\t\t\t\t\t\t<div class=\"elementor-container elementor-column-gap-default\">\n\t\t\t\t\t\t\t<div class=\"elementor-row\">\n\t\t\t\t\t<div class=\"elementor-column elementor-col-100 elementor-top-column elementor-element elementor-element-b93ddd2\" data-id=\"b93ddd2\" data-element_type=\"column\">\n\t\t\t<div class=\"elementor-column-wrap elementor-element-populated\">\n\t\t\t\t\t\t\t<div class=\"elementor-widget-wrap\">\n\t\t\t\t\t\t<div class=\"elementor-element elementor-element-326201c elementor-widget elementor-widget-heading\" data-id=\"326201c\" data-element_type=\"widget\" data-widget_type=\"heading.default\">\n\t\t\t\t<div class=\"elementor-widget-container\">\n\t\t\t<h2 class=\"elementor-heading-title elementor-size-default\">BIO-GAZ <\/h2>\t\t<\/div>\n\t\t\t\t<\/div>\n\t\t\t\t<div class=\"elementor-element elementor-element-24a7561 elementor-widget elementor-widget-text-editor\" data-id=\"24a7561\" data-element_type=\"widget\" data-widget_type=\"text-editor.default\">\n\t\t\t\t<div class=\"elementor-widget-container\">\n\t\t\t\t\t\t\t\t<div class=\"elementor-text-editor elementor-clearfix\">\n\t\t\t\t<p><img loading=\"lazy\" decoding=\"async\" class=\"alignright wp-image-495\" src=\"http:\/\/biolam.grafiweb.es\/biodigestores\/wp-content\/uploads\/2022\/06\/bio-gaz-e1656419983764-300x119.png\" alt=\"\" width=\"649\" height=\"257\" srcset=\"https:\/\/www.biolamcolombia.com\/biodigestores\/wp-content\/uploads\/2022\/06\/bio-gaz-e1656419983764-300x119.png 300w, https:\/\/www.biolamcolombia.com\/biodigestores\/wp-content\/uploads\/2022\/06\/bio-gaz-e1656419983764-768x304.png 768w, https:\/\/www.biolamcolombia.com\/biodigestores\/wp-content\/uploads\/2022\/06\/bio-gaz-e1656419983764.png 775w\" sizes=\"auto, (max-width: 649px) 100vw, 649px\" \/><\/p><p class=\"p1\">Ofrecemos modelos desde 2 hasta 120 m3 , en tres diferentes modelos de venta.\u00a0Son construidos en PVC, con conexiones y partes compatibles con piezas de tuber\u00eda PVC,\u00a0 son robustos pero sencillos, para adaptarse a las realizadas del campo Latinoamericano.<\/p><p class=\"p1\">Construidos bajo un atento control de calidad y experiencia. Nuestro compromiso es con la funcionalidad de los m\u00f3dulos, para ser confiables herramientas para solucionar el manejo de desechos org\u00e1nicos, de forma productiva y rentable, para ser verdaderamente un aliado de los sistemas de producci\u00f3n. \u00a0<\/p><p class=\"p1\">Contamos con un equipo t\u00e9cnico y soporte para atenderle y apoyarle en su proyecto<\/p>\t\t\t\t\t<\/div>\n\t\t\t\t\t\t<\/div>\n\t\t\t\t<\/div>\n\t\t\t\t\t\t<\/div>\n\t\t\t\t\t<\/div>\n\t\t<\/div>\n\t\t\t\t\t\t\t\t<\/div>\n\t\t\t\t\t<\/div>\n\t\t<\/section>\n\t\t\t\t<section class=\"elementor-section elementor-top-section elementor-element elementor-element-1d5c8d99 elementor-section-content-middle elementor-section-full_width elementor-section-height-min-height elementor-section-height-default elementor-section-items-middle\" data-id=\"1d5c8d99\" data-element_type=\"section\">\n\t\t\t\t\t\t<div class=\"elementor-container elementor-column-gap-no\">\n\t\t\t\t\t\t\t<div class=\"elementor-row\">\n\t\t\t\t\t\t\t\t\t<\/div>\n\t\t\t\t\t<\/div>\n\t\t<\/section>\n\t\t\t\t\t\t\t\t\t<\/div>\n\t\t\t<\/div>\n\t\t\t\t\t<\/div>\n\t\t","protected":false},"excerpt":{"rendered":"<p>BIO-GAZ Ofrecemos modelos desde 2 hasta 120 m3 , en tres diferentes modelos de venta.\u00a0Son construidos en PVC, con conexiones y partes compatibles con piezas de tuber\u00eda PVC,\u00a0 son robustos pero sencillos, para adaptarse a las realizadas del campo Latinoamericano. Construidos bajo un atento control de calidad y experiencia. Nuestro compromiso es con la funcionalidad &hellip;<\/p>\n<p class=\"read-more\"> <a class=\"\" href=\"https:\/\/www.biolamcolombia.com\/biodigestores\/productoo\/\"> <span class=\"screen-reader-text\">Producto<\/span> Leer m\u00e1s &raquo;<\/a><\/p>\n","protected":false},"author":1,"featured_media":0,"parent":0,"menu_order":0,"comment_status":"closed","ping_status":"closed","template":"","meta":{"footnotes":""},"class_list":["post-493","page","type-page","status-publish","hentry"],"_links":{"self":[{"href":"https:\/\/www.biolamcolombia.com\/biodigestores\/wp-json\/wp\/v2\/pages\/493","targetHints":{"allow":["GET"]}}],"collection":[{"href":"https:\/\/www.biolamcolombia.com\/biodigestores\/wp-json\/wp\/v2\/pages"}],"about":[{"href":"https:\/\/www.biolamcolombia.com\/biodigestores\/wp-json\/wp\/v2\/types\/page"}],"author":[{"embeddable":true,"href":"https:\/\/www.biolamcolombia.com\/biodigestores\/wp-json\/wp\/v2\/users\/1"}],"replies":[{"embeddable":true,"href":"https:\/\/www.biolamcolombia.com\/biodigestores\/wp-json\/wp\/v2\/comments?post=493"}],"version-history":[{"count":14,"href":"https:\/\/www.biolamcolombia.com\/biodigestores\/wp-json\/wp\/v2\/pages\/493\/revisions"}],"predecessor-version":[{"id":550,"href":"https:\/\/www.biolamcolombia.com\/biodigestores\/wp-json\/wp\/v2\/pages\/493\/revisions\/550"}],"wp:attachment":[{"href":"https:\/\/www.biolamcolombia.com\/biodigestores\/wp-json\/wp\/v2\/media?parent=493"}],"curies":[{"name":"wp","href":"https:\/\/api.w.org\/{rel}","templated":true}]}}